{"id":812,"date":"2018-05-16T19:27:39","date_gmt":"2018-05-16T18:27:39","guid":{"rendered":"http:\/\/www.meiss-online.com\/?page_id=812"},"modified":"2018-05-16T19:36:48","modified_gmt":"2018-05-16T18:36:48","slug":"datenschutzerklaerung","status":"publish","type":"page","link":"https:\/\/www.meiss-online.com\/index.php\/datenschutzerklaerung\/","title":{"rendered":"datenschutzerkl\u00e4rung"},"content":{"rendered":"<h3>Datenschutzerkl\u00e4rung<\/h3>\n<p>Die nachfolgende Datenschutzerkl\u00e4rung gilt f\u00fcr die Nutzung der Webseite<br \/>\nwww.meiss-online.com und Ihrer suddomains ferienhaus.meiss-online.com<br \/>\nbzw. deren Umleitungsdomains<\/p>\n<ul>\n<li>http:\/\/ferienhausoefingen.de\/<\/li>\n<li>http:\/\/ferienhaus\u00f6fingen.de\/<\/li>\n<li>http:\/\/ferienhaus-oefingen.de\/<\/li>\n<\/ul>\n<p>(nachfolgend \u201eWebsite\u201c).<\/p>\n<p><strong>Wir messen dem Datenschutz gro\u00dfe Bedeutung bei.<\/strong><\/p>\n<p>Die Erhebung und Verarbeitung Ihrer personenbezogenen Daten geschieht unter Beachtung der geltenden datenschutzrechtlichen Vorschriften, insbesondere der EU-Datenschutzgrundverordnung (DSGVO). Wir erheben und verarbeiten Ihre personenbezogenen Daten, um Ihnen das oben genannten Portal anbieten zu k\u00f6nnen.<\/p>\n<p>Diese Erkl\u00e4rung beschreibt, wie und zu welchem Zweck Ihre Daten erfasst und genutzt werden und welche Wahlm\u00f6glichkeiten Sie im Zusammenhang mit pers\u00f6nlichen Daten haben.<\/p>\n<p>Durch Ihre Verwendung dieser Website stimmen Sie der Erfassung, Nutzung und \u00dcbertragung Ihrer Daten gem\u00e4\u00df dieser Datenschutzerkl\u00e4rung zu.<\/p>\n<p><strong>1. Verantwortliche Stelle<\/strong><br \/>\nVerantwortliche Stelle f\u00fcr die Erhebung, Verarbeitung und Nutzung Ihrer<br \/>\npersonenbezogenen Daten im Sinne der DSGVO ist<\/p>\n<p>Elmar Mei\u00df<br \/>\nFerienh\u00e4user Mei\u00df &#8211; \u00d6fingen<br \/>\nHafnerstra\u00dfe 33<br \/>\n78056 Villingen-Schwenningen<br \/>\nTel.: +49 7720 65531<br \/>\nelmar@meiss-online.com<\/p>\n<p>Sofern Sie der Erhebung, Verarbeitung oder Nutzung Ihrer Daten durch uns nach Ma\u00dfgabe<br \/>\ndieser Datenschutzbestimmungen insgesamt oder f\u00fcr einzelne Ma\u00dfnahmen widersprechen<br \/>\nwollen, k\u00f6nnen Sie Ihren Widerspruch an oben genannte verantwortliche Stelle richten.<br \/>\nSie k\u00f6nnen diese Datenschutzerkl\u00e4rung jederzeit speichern und ausdrucken.<\/p>\n<p><strong>2. Allgemeine Nutzung der Webseite<br \/>\n<\/strong><br \/>\n<strong>2.1 Zugriffsdaten<\/strong><br \/>\nWir sammeln Informationen \u00fcber Sie, wenn Sie diese Webseite nutzen. Wir erfassen<br \/>\nautomatisch Informationen \u00fcber Ihr Nutzungsverhalten und Ihre Interaktion mit uns und<br \/>\nregistrieren Daten zu Ihrem Computer oder Mobilger\u00e4t. Wir erheben, speichern und nutzen<br \/>\nDaten \u00fcber jeden Zugriff auf unser Onlineangebot (sogenannte Serverlogfiles). Zu den<br \/>\nZugriffsdaten geh\u00f6ren Name und URL der abgerufenen Datei, Datum und Uhrzeit des<br \/>\nAbrufs, \u00fcbertragene Datenmenge, Meldung \u00fcber erfolgreichen Abruf (HTTP response code),<br \/>\nBrowsertyp und Browserversion, Betriebssystem, Referrer URL (d.h. die zuvor besuchte<br \/>\nSeite), IP-Adresse und der anfragende Provider.<br \/>\nWir nutzen diese Protokolldaten ohne Zuordnung zu Ihrer Person oder sonstiger<br \/>\nProfilerstellung f\u00fcr statistische Auswertungen zum Zweck des Betriebs, der Sicherheit und<br \/>\nder Optimierung unseres Onlineangebotes, aber auch zur anonymen Erfassung der Anzahl<br \/>\nder Besucher auf unserer Webseite (traffic) sowie zu Umfang und zur Art der Nutzung<br \/>\nunserer Webseite und Dienste, ebenso zu Abrechnungszwecken, um die Anzahl der von<br \/>\nKooperationspartnern erhaltenen Clicks zu messen. Aufgrund dieser Informationen k\u00f6nnen<br \/>\nwir personalisierte und standortbezogene Inhalte zur Verf\u00fcgung stellen und den<br \/>\nDatenverkehr analysieren, Fehler suchen und beheben und unsere Dienste verbessern. Wir<br \/>\nbehalten uns vor, die Protokolldaten nachtr\u00e4glich zu \u00fcberpr\u00fcfen, wenn aufgrund konkreter<br \/>\nAnhaltspunkte der berechtigte Verdacht einer rechtswidrigen Nutzung besteht. IP-Adressen<br \/>\nspeichern wir f\u00fcr einen begrenzten Zeitraum in den Logfiles, wenn dies f\u00fcr<br \/>\nSicherheitszwecke erforderlich oder f\u00fcr die Leistungserbringung oder die Abrechnung einer<br \/>\nLeistung n\u00f6tig ist, z. B. wenn Sie eines unserer Angebote nutzen. Nach Abbruch des<br \/>\nVorgangs der Bestellung oder nach Zahlungseingang l\u00f6schen wir die IP-Adresse, wenn<br \/>\ndiese f\u00fcr Sicherheitszwecke nicht mehr erforderlich sind. IP-Adressen speichern wir auch<br \/>\ndann, wenn wir den konkreten Verdacht einer Straftat im Zusammenhang mit der Nutzung<br \/>\nunserer Website haben. Au\u00dferdem speichern wir als Teil Ihres Accounts das Datum Ihres<br \/>\nletzten Besuchs (z.B. bei Registrierung, Login, Klicken von Links etc.).<\/p>\n<p><strong>2.2 E-Mail Kontakt<\/strong><br \/>\nWenn Sie mit uns in Kontakt treten (z. B. per Kontaktformular oder E-Mail), speichern wir<br \/>\nIhre Angaben zur Bearbeitung der Anfrage sowie f\u00fcr den Fall, dass Anschlussfragen<br \/>\nentstehen. Weitere personenbezogene Daten speichern und nutzen wir nur, wenn Sie dazu<br \/>\neinwilligen oder dies ohne besondere Einwilligung gesetzlich zul\u00e4ssig ist.<\/p>\n<p><strong>2.3 Google Analytics<\/strong><br \/>\nWir benutzen Google Analytics, einen Webanalysedienst der Google Inc. (\u201eGoogle\u201c). Google<br \/>\nAnalytics verwendet sog. \u201eCookies\u201c, Textdateien, die auf Ihrem Computer gespeichert<br \/>\nwerden und die eine Analyse der Benutzung der Website durch Sie erm\u00f6glichen. Die durch<br \/>\nden Cookie erzeugten Informationen \u00fcber Benutzung dieser Website durch die<br \/>\nSeitenbesucher werden in der Regel an einen Server von Google in den USA \u00fcbertragen<br \/>\nund dort gespeichert.<br \/>\nIm Falle der Aktivierung der IP-Anonymisierung auf dieser Webseite, wird Ihre IP-Adresse<br \/>\nvon Google jedoch innerhalb von Mitgliedstaaten der Europ\u00e4ischen Union oder in anderen<br \/>\nVertragsstaaten des Abkommens \u00fcber den Europ\u00e4ischen Wirtschaftsraum zuvor gek\u00fcrzt.<br \/>\nNur in Ausnahmef\u00e4llen wird die volle IP-Adresse an einen Server von Google in den USA<br \/>\n\u00fcbertragen und dort gek\u00fcrzt. Die IP-Anonymisierung ist auf dieser Website aktiv. In unserem<br \/>\nAuftrag wird Google diese Informationen benutzen, um die Nutzung der Website durch Sie<br \/>\nauszuwerten, um Reports \u00fcber die Websiteaktivit\u00e4ten zusammenzustellen und um weitere<br \/>\nmit der Websitenutzung und der Internetnutzung verbundene Dienstleistungen uns<br \/>\ngegen\u00fcber zu erbringen.<br \/>\nDie im Rahmen von Google Analytics von Ihrem Browser \u00fcbermittelte IP-Adresse wird nicht<br \/>\nmit anderen Daten von Google zusammengef\u00fchrt. Sie k\u00f6nnen die Speicherung der Cookies<br \/>\ndurch eine entsprechende Einstellung Ihrer Browser-Software verhindern; wir weisen Sie<br \/>\njedoch darauf hin, dass Sie in diesem Fall gegebenenfalls nicht s\u00e4mtliche Funktionen dieser<br \/>\nWebsite vollumf\u00e4nglich werden nutzen k\u00f6nnen.<br \/>\nSie k\u00f6nnen dar\u00fcber hinaus die Erfassung der durch das Cookie erzeugten und auf ihre<br \/>\nNutzung der Website bezogenen Daten (inkl. Ihrer IP-Adresse) an Google sowie die<br \/>\nVerarbeitung dieser Daten durch Google verhindern, indem Sie das unter dem folgenden<br \/>\nLink verf\u00fcgbare Browser-Plugin herunterladen und<br \/>\ninstallieren: http:\/\/tools.google.com\/dlpage\/gaoptout?hl=de.<br \/>\nAlternativ zum Browser-Plugin oder innerhalb von Browsern auf mobilen Ger\u00e4ten k\u00f6nnen Sie<br \/>\nauf den folgenden Link klicken, um ein Opt-Out-Cookie zu setzen, der die Erfassung durch<br \/>\nGoogle Analytics innerhalb dieser Website zuk\u00fcnftig verhindert (dieses Opt-Out-Cookie<br \/>\nfunktioniert nur in diesem Browser und nur f\u00fcr diese Domain. L\u00f6schen Sie die Cookies in<br \/>\nIhrem Browser, m\u00fcssen Sie diesen Link erneut klicken): Google Analytics deaktivieren<\/p>\n<p><strong>2.4 Rechtsgrundlagen und Speicherdauer<\/strong><br \/>\nRechtsgrundlage der Datenverarbeitung nach den vorstehenden Ziffern ist Art 6 Abs. 1<br \/>\nBuchstabe f) DSGVO. Unsere Interessen an der Datenverarbeitung sind insbesondere die<br \/>\nSicherstellung des Betriebs und der Sicherheit der Webseite, die Untersuchung der Art und<br \/>\nWeise der Nutzung der Webseite durch Besucher, und die Vereinfachung der Nutzung der<br \/>\nWebseite.<br \/>\nSofern nicht spezifisch angegeben speichern wir personenbezogene Daten nur so lange, wie<br \/>\ndies zur Erf\u00fcllung der verfolgten Zwecke notwendig ist.<\/p>\n<p><strong>3. Ihre Rechte als von der Datenverarbeitung Betroffener<br \/>\n<\/strong><br \/>\nNach den anwendbaren Gesetzen haben Sie verschiedene Rechte bez\u00fcglich ihrer<br \/>\npersonenbezogenen Daten. M\u00f6chten Sie diese Rechte geltend machen, so richten Sie Ihre<br \/>\nAnfrage bitte per E-Mail oder per Post unter eindeutiger Identifizierung Ihrer Person an die in<br \/>\nZiffer 1 genannte Adresse.<br \/>\nNachfolgend finden Sie eine \u00dcbersicht \u00fcber Ihre Rechte.<\/p>\n<p><strong>3.1 Recht auf Best\u00e4tigung und Auskunft<\/strong><br \/>\nSie haben jederzeit das Recht, von uns eine Best\u00e4tigung dar\u00fcber zu erhalten, ob Sie<br \/>\nbetreffende personenbezogene Daten verarbeitet werden. Ist dies der Fall, so haben Sie das<br \/>\nRecht, von uns eine unentgeltliche Auskunft \u00fcber die zu Ihnen gespeicherten<br \/>\npersonenbezogenen Daten nebst einer Kopie dieser Daten zu erlangen. Desweiteren<br \/>\nbesteht ein Recht auf folgende Informationen:<br \/>\n1. die Verarbeitungszwecke;<br \/>\n2. die Kategorien personenbezogener Daten, die verarbeitet werden;<br \/>\n3. die Empf\u00e4nger oder Kategorien von Empf\u00e4ngern, gegen\u00fcber denen die<br \/>\npersonenbezogenen Daten offengelegt worden sind oder noch offengelegt werden,<br \/>\ninsbesondere bei Empf\u00e4ngern in Drittl\u00e4ndern oder bei internationalen Organisationen;<br \/>\n4. falls m\u00f6glich die geplante Dauer, f\u00fcr die die personenbezogenen Daten gespeichert<br \/>\nwerden, oder, falls dies nicht m\u00f6glich ist, die Kriterien f\u00fcr die Festlegung dieser Dauer;<br \/>\n5. das Bestehen eines Rechts auf Berichtigung oder L\u00f6schung der Sie betreffenden<br \/>\npersonenbezogenen Daten oder auf Einschr\u00e4nkung der Verarbeitung durch den<br \/>\nVerantwortlichen oder eines Widerspruchsrechts gegen diese Verarbeitung;<br \/>\n6. das Bestehen eines Beschwerderechts bei einer Aufsichtsbeh\u00f6rde;<br \/>\n7. wenn die personenbezogenen Daten nicht bei Ihnen erhoben werden, alle<br \/>\nverf\u00fcgbaren Informationen \u00fcber die Herkunft der Daten;<br \/>\n8. das Bestehen einer automatisierten Entscheidungsfindung einschlie\u00dflich Profiling<br \/>\ngem\u00e4\u00df Artikel 22 Abs\u00e4tze 1 und 4 DSGVO und \u2013 zumindest in diesen F\u00e4llen \u2013<br \/>\naussagekr\u00e4ftige Informationen \u00fcber die involvierte Logik sowie die Tragweite und die<br \/>\nangestrebten Auswirkungen einer derartigen Verarbeitung f\u00fcr Sie.<br \/>\nWerden personenbezogene Daten an ein Drittland oder an eine internationale Organisation<br \/>\n\u00fcbermittelt, so haben Sie das Recht, \u00fcber die geeigneten Garantien gem\u00e4\u00df Artikel 46<br \/>\nDSGVO im Zusammenhang mit der \u00dcbermittlung unterrichtet zu werden.<\/p>\n<p><strong>3.2 Recht auf Berichtigung<\/strong><br \/>\nSie haben das Recht, von uns unverz\u00fcglich die Berichtigung Sie betreffender unrichtiger<br \/>\npersonenbezogener Daten zu verlangen. Unter Ber\u00fccksichtigung der Zwecke der haben Sie<br \/>\ndas Recht, die Vervollst\u00e4ndigung unvollst\u00e4ndiger personenbezogener Daten \u2013 auch mittels<br \/>\neiner erg\u00e4nzenden Erkl\u00e4rung \u2013 zu verlangen.<\/p>\n<p><strong>3.3 Recht auf L\u00f6schung (\u201eRecht auf Vergessenwerden\u201c)<\/strong><br \/>\nSie haben das Recht, von uns zu verlangen, dass Sie betreffende personenbezogene Daten<br \/>\nunverz\u00fcglich gel\u00f6scht werden, und wir sind verpflichtet, personenbezogene Daten<br \/>\nunverz\u00fcglich zu l\u00f6schen, sofern einer der folgenden Gr\u00fcnde zutrifft:<\/p>\n<p>1. Die personenbezogenen Daten sind f\u00fcr die Zwecke, f\u00fcr die sie erhoben oder auf<br \/>\nsonstige Weise verarbeitet wurden, nicht mehr notwendig.<br \/>\n2. Sie widerrufen Ihre Einwilligung, auf die sich die Verarbeitung gem\u00e4\u00df Artikel 6 Absatz<br \/>\n1 DSGVO Buchstabe a oder Artikel 9 Absatz 2 Buchstabe a DSGVO st\u00fctzte, und es<br \/>\nfehlt an einer anderweitigen Rechtsgrundlage f\u00fcr die Verarbeitung.<br \/>\n3. Sie legen gem\u00e4\u00df Artikel 21 Absatz 1 DSGVO Widerspruch gegen die Verarbeitung<br \/>\nein und es liegen keine vorrangigen berechtigten Gr\u00fcnde f\u00fcr die Verarbeitung vor,<br \/>\noder Sie legen gem\u00e4\u00df Artikel 21 Absatz 2 DSGVO Widerspruch gegen die<br \/>\nVerarbeitung ein.<br \/>\n4. Die personenbezogenen Daten wurden unrechtm\u00e4\u00dfig verarbeitet.<br \/>\n5. Die L\u00f6schung der personenbezogenen Daten ist zur Erf\u00fcllung einer rechtlichen<br \/>\nVerpflichtung nach dem Unionsrecht oder dem Recht der Mitgliedstaaten erforderlich,<br \/>\ndem wir unterliegen.<br \/>\n6. Die personenbezogenen Daten wurden in Bezug auf angebotene Dienste der<br \/>\nInformationsgesellschaft gem\u00e4\u00df Artikel 8 Absatz 1 DSGVO erhoben.<br \/>\nHaben wir die personenbezogenen Daten \u00f6ffentlich gemacht und sind wir gem\u00e4\u00df zu deren<br \/>\nL\u00f6schung verpflichtet, so treffen wir unter Ber\u00fccksichtigung der verf\u00fcgbaren Technologie und<br \/>\nder Implementierungskosten angemessene Ma\u00dfnahmen, auch technischer Art, um f\u00fcr die<br \/>\nDatenverarbeitung Verantwortliche, die die personenbezogenen Daten verarbeiten, dar\u00fcber<br \/>\nzu informieren, dass Sie von ihnen die L\u00f6schung aller Links zu diesen personenbezogenen<br \/>\nDaten oder von Kopien oder Replikationen dieser personenbezogenen Daten verlangt hat.<\/p>\n<p><strong>3.4 Recht auf Einschr\u00e4nkung der Verarbeitung<\/strong><br \/>\nSie haben das Recht, von uns die Einschr\u00e4nkung der Verarbeitung zu verlangen, wenn eine<br \/>\nder folgenden Voraussetzungen gegeben ist:<br \/>\n1. die Richtigkeit der personenbezogenen Daten wird von Ihnen bestritten, und zwar f\u00fcr<br \/>\neine Dauer, die es uns erm\u00f6glicht, die Richtigkeit der personenbezogenen Daten zu<br \/>\n\u00fcberpr\u00fcfen,<br \/>\n2. die Verarbeitung unrechtm\u00e4\u00dfig ist und Sie die L\u00f6schung der personenbezogenen<br \/>\nDaten ablehntenund stattdessen die Einschr\u00e4nkung der Nutzung der<br \/>\npersonenbezogenen Daten verlangt;<br \/>\n3. wir die personenbezogenen Daten f\u00fcr die Zwecke der Verarbeitung nicht l\u00e4nger<br \/>\nben\u00f6tigen, Sie die Daten jedoch zur Geltendmachung, Aus\u00fcbung oder Verteidigung<br \/>\nvon Rechtsanspr\u00fcchen ben\u00f6tigten, oder<br \/>\n4. Sie Widerspruch gegen die Verarbeitung gem\u00e4\u00df Artikel 21 Absatz 1 DSGVO<br \/>\neingelegt haben, solange noch nicht feststeht, ob die berechtigten Gr\u00fcnde unseres<br \/>\nUnternehmens gegen\u00fcber den Ihren \u00fcberwiegen.<\/p>\n<p><strong>3.5 Recht auf Daten\u00fcbertragbarkeit<\/strong><br \/>\nSie haben das Recht, die Sie betreffenden personenbezogenen Daten, die uns bereitgestellt<br \/>\nhaben, in einem strukturierten, g\u00e4ngigen und maschinenlesbaren Format zu erhalten, und<br \/>\nSie haben das Recht, diese Daten einem anderen Verantwortlichen ohne Behinderung durch<br \/>\nuns zu \u00fcbermitteln, sofern<\/p>\n<p>1. die Verarbeitung auf einer Einwilligung gem\u00e4\u00df Artikel 6 Absatz 1 Buchstabe a<br \/>\nDSGVO oder Artikel 9 Absatz 2 Buchstabe a DSGVO oder auf einem Vertrag<br \/>\ngem\u00e4\u00df Artikel 6 Absatz 1 Buchstabe b DSGVO beruht und<br \/>\n2. die Verarbeitung mithilfe automatisierter Verfahren erfolgt.<br \/>\nBei der Aus\u00fcbung ihres Rechts auf Daten\u00fcbertragbarkeit gem\u00e4\u00df Absatz 1 haben Sie das<br \/>\nRecht, zu erwirken, dass die personenbezogenen Daten direkt von uns einem anderen<br \/>\nVerantwortlichen \u00fcbermittelt werden, soweit dies technisch machbar ist.<\/p>\n<p><strong>3.6 Widerspruchsrecht<\/strong><br \/>\nSie haben das Recht, aus Gr\u00fcnden, die sich aus Ihrer besonderen Situation ergeben,<br \/>\njederzeit gegen die Verarbeitung sie betreffender personenbezogener Daten, die aufgrund<br \/>\nvon Artikel 6 Absatz 1 Buchstaben e oder f DSGVO erfolgt, Widerspruch einzulegen; dies gilt<br \/>\nauch f\u00fcr ein auf diese Bestimmungen gest\u00fctztes Profiling. Wir verarbeiten die<br \/>\npersonenbezogenen Daten nicht mehr, es sei denn, wir k\u00f6nnen zwingende schutzw\u00fcrdige<br \/>\nGr\u00fcnde f\u00fcr die Verarbeitung nachweisen, die Ihre Interessen, Rechte und Freiheiten<br \/>\n\u00fcberwiegen, oder die Verarbeitung dient der Geltendmachung, Aus\u00fcbung oder Verteidigung<br \/>\nvon Rechtsanspr\u00fcchen.<br \/>\nWerden personenbezogene Daten von uns verarbeitet, um Direktwerbung zu betreiben, so<br \/>\nhaben Sie das Recht, jederzeit Widerspruch gegen die Verarbeitung Sie betreffender<br \/>\npersonenbezogener Daten zum Zwecke derartiger Werbung einzulegen; dies gilt auch f\u00fcr<br \/>\ndas Profiling, soweit es mit solcher Direktwerbung in Verbindung steht.<br \/>\nSie haben das Recht, aus Gr\u00fcnden, die sich aus Ihrer besonderen Situation ergeben, gegen<br \/>\ndie Sie betreffende Verarbeitung sie betreffender personenbezogener Daten, die zu<br \/>\nwissenschaftlichen oder historischen Forschungszwecken oder zu statistischen Zwecken<br \/>\ngem\u00e4\u00df Artikel 89 Absatz 1 DSGVO erfolgt, Widerspruch einzulegen, es sei denn, die<br \/>\nVerarbeitung ist zur Erf\u00fcllung einer im \u00f6ffentlichen Interesse liegenden Aufgabe erforderlich.<\/p>\n<p><strong>3.7 Automatisierte Entscheidungen einschlie\u00dflich Profiling<\/strong><br \/>\nSie haben das Recht, nicht einer ausschlie\u00dflich auf einer automatisierten Verarbeitung \u2013<br \/>\neinschlie\u00dflich Profiling \u2013 beruhenden Entscheidung unterworfen zu werden, die Ihnen<br \/>\ngegen\u00fcber rechtliche Wirkung entfaltet oder Sie in \u00e4hnlicher Weise erheblich beeintr\u00e4chtigt.<\/p>\n<p><strong>3.8 Recht auf Widerruf einer datenschutzrechtlichen Einwilligung<\/strong><br \/>\nSie haben das Recht, eine Einwilligung zur Verarbeitung personenbezogener Daten jederzeit<br \/>\nzu widerrufen.<\/p>\n<p><strong>3.9 Recht auf Beschwerde bei einer Aufsichtsbeh\u00f6rde<\/strong><br \/>\nSie haben das Recht auf Beschwerde bei einer Aufsichtsbeh\u00f6rde, insbesondere in dem<br \/>\nMitgliedstaat ihres Aufenthaltsorts, ihres Arbeitsplatzes oder des Orts des mutma\u00dflichen<br \/>\nVersto\u00dfes, Sie der Ansicht sind, dass die Verarbeitung der Sie betreffenden<br \/>\npersonenbezogenen Daten rechtswidrig ist.<\/p>\n<p><strong>4. Datensicherheit<\/strong><br \/>\nWir sind um die Sicherheit Ihrer Daten im Rahmen der geltenden Datenschutzgesetze und<br \/>\ntechnischen M\u00f6glichkeiten maximal bem\u00fcht.<br \/>\nIhre pers\u00f6nlichen Daten werden bei uns verschl\u00fcsselt \u00fcbertragen. Dies gilt f\u00fcr Ihre<br \/>\nBestellungen und auch f\u00fcr das Kundenlogin. Wir nutzen das Codierungssystems SSL<br \/>\n(Secure Socket Layer), weisen jedoch darauf hin, dass die Daten\u00fcbertragung im Internet<br \/>\n(z.B. bei der Kommunikation per E-Mail) Sicherheitsl\u00fccken aufweisen kann. Ein l\u00fcckenloser<br \/>\nSchutz der Daten vor dem Zugriff durch Dritte ist nicht m\u00f6glich.<br \/>\nZur Sicherung Ihrer Daten unterhalten wir technische- und organisatorische<br \/>\nSicherungsma\u00dfnahmen, die wir immer wieder dem Stand der Technik anpassen.<br \/>\nWir gew\u00e4hrleisten au\u00dferdem nicht, dass unser Angebot zu bestimmten Zeiten zur Verf\u00fcgung<br \/>\nsteht; St\u00f6rungen, Unterbrechungen oder Ausf\u00e4lle k\u00f6nnen nicht ausgeschlossen werden. Die<br \/>\nvon uns verwendeten Server werden regelm\u00e4\u00dfig sorgf\u00e4ltig gesichert.<\/p>\n<p><strong>5. Automatisierte Entscheidungsfindung<\/strong><br \/>\nEine automatisierte Entscheidungsfindung auf der Grundlage der erhobenen<br \/>\npersonenbezogenen Daten findet nicht statt.<\/p>\n<p><strong>6. Weitergabe von Daten an Dritte, Keine Daten\u00fcbertragung ins Nicht-EU-Ausland<\/strong><br \/>\nGrunds\u00e4tzlich verwenden wir Ihre personenbezogenen Daten nur innerhalb unseres<br \/>\nUnternehmens.<br \/>\nWenn und soweit wir Dritte im Rahmen der Erf\u00fcllung von Vertr\u00e4gen einschalten (etwa<br \/>\nLogistik-Dienstleister) erhalten diese personenbezogene Daten nur in dem Umfang, in<br \/>\nwelchem die \u00dcbermittlung f\u00fcr die entsprechende Leistung erforderlich ist.<br \/>\nF\u00fcr den Fall, dass wir bestimmte Teile der Datenverarbeitung auslagern<br \/>\n(\u201eAuftragsverarbeitung\u201c), verpflichten wir Auftragsverarbeiter vertraglich dazu,<br \/>\npersonenbezogene Daten nur im Einklang mit den Anforderungen der Datenschutzgesetze<br \/>\nzu verwenden und den Schutz der Rechte der betroffenen Person zu gew\u00e4hrleisten.<br \/>\nEine Daten\u00fcbertragung an Stellen oder Personen au\u00dferhalb der EU au\u00dferhalb der in dieser<br \/>\nErkl\u00e4rung in Punkt 2.3 genannten F\u00e4llen findet nicht statt und ist nicht geplant.<\/p>\n<p><strong>7. Sonstiges:<\/strong><br \/>\nSollten Sie noch Fragen oder Bedenken zum Datenschutz haben, so wenden Sie sich bitte umgehend an uns unter o.g. Kontaktdaten!<\/p>\n<pre><em>[Bereitgestellt durch: RA Maximilian Greger (www.law-blog.de)]<\/em><\/pre>\n","protected":false},"excerpt":{"rendered":"<p>Datenschutzerkl\u00e4rung Die nachfolgende Datenschutzerkl\u00e4rung gilt f\u00fcr die Nutzung der Webseite www.meiss-online.com und Ihrer suddomains ferienhaus.meiss-online.com bzw. deren Umleitungsdomains http:\/\/ferienhausoefingen.de\/ http:\/\/ferienhaus\u00f6fingen.de\/ http:\/\/ferienhaus-oefingen.de\/ (nachfolgend \u201eWebsite\u201c). Wir messen dem Datenschutz gro\u00dfe Bedeutung bei. Die Erhebung und Verarbeitung Ihrer personenbezogenen Daten geschieht unter Beachtung der geltenden datenschutzrechtlichen Vorschriften, insbesondere der EU-Datenschutzgrundverordnung (DSGVO). Wir erheben und verarbeiten Ihre personenbezogenen Daten, um Ihnen das oben genannten [&#8230;]<\/p>\n","protected":false},"author":1,"featured_media":0,"parent":0,"menu_order":0,"comment_status":"closed","ping_status":"closed","template":"","meta":{"footnotes":""},"class_list":["post-812","page","type-page","status-publish","hentry"],"_links":{"self":[{"href":"https:\/\/www.meiss-online.com\/index.php\/wp-json\/wp\/v2\/pages\/812","targetHints":{"allow":["GET"]}}],"collection":[{"href":"https:\/\/www.meiss-online.com\/index.php\/wp-json\/wp\/v2\/pages"}],"about":[{"href":"https:\/\/www.meiss-online.com\/index.php\/wp-json\/wp\/v2\/types\/page"}],"author":[{"embeddable":true,"href":"https:\/\/www.meiss-online.com\/index.php\/wp-json\/wp\/v2\/users\/1"}],"replies":[{"embeddable":true,"href":"https:\/\/www.meiss-online.com\/index.php\/wp-json\/wp\/v2\/comments?post=812"}],"version-history":[{"count":7,"href":"https:\/\/www.meiss-online.com\/index.php\/wp-json\/wp\/v2\/pages\/812\/revisions"}],"predecessor-version":[{"id":820,"href":"https:\/\/www.meiss-online.com\/index.php\/wp-json\/wp\/v2\/pages\/812\/revisions\/820"}],"wp:attachment":[{"href":"https:\/\/www.meiss-online.com\/index.php\/wp-json\/wp\/v2\/media?parent=812"}],"curies":[{"name":"wp","href":"https:\/\/api.w.org\/{rel}","templated":true}]}}