{"id":19,"date":"2015-08-11T10:07:17","date_gmt":"2015-08-11T10:07:17","guid":{"rendered":"http:\/\/meiss-online.com\/?page_id=19"},"modified":"2018-05-01T19:58:22","modified_gmt":"2018-05-01T19:58:22","slug":"impressum","status":"publish","type":"page","link":"https:\/\/www.meiss-online.com\/index.php\/impressum\/","title":{"rendered":"Impressum"},"content":{"rendered":"<p><strong><a href=\"http:\/\/meiss-online.com\/wp-content\/uploads\/2015\/08\/Ursula-und-Elmar.jpg\"><img loading=\"lazy\" decoding=\"async\" class=\"alignnone size-medium wp-image-35\" src=\"http:\/\/meiss-online.com\/wp-content\/uploads\/2015\/08\/Ursula-und-Elmar-300x225.jpg\" alt=\"Ursula und Elmar\" width=\"300\" height=\"225\" srcset=\"https:\/\/www.meiss-online.com\/wp-content\/uploads\/2015\/08\/Ursula-und-Elmar-300x225.jpg 300w, https:\/\/www.meiss-online.com\/wp-content\/uploads\/2015\/08\/Ursula-und-Elmar-1024x768.jpg 1024w\" sizes=\"auto, (max-width: 300px) 100vw, 300px\" \/><\/a><\/strong><\/p>\n<p>wir, Ursula &amp; Elmar leben und arbeiten in dieser Region. Dar\u00fcberhinaus haben wir Ferienh\u00e4user in<br \/>\neinem Feriendorf in \u00d6fingen, einem Ortsteil der Kurstadt Bad D\u00fcrrheim.<br \/>\nUm unseren G\u00e4sten und allen anderen Interessierten die Region, Land &amp; Leute n\u00e4her zu bringen, ist dieser Blog entstanden.<br \/>\nIhr erreicht uns unter:<br \/>\nblog@meiss-online.com<\/p>\n<p>oder per snail mail<\/p>\n<p>Ursula &amp; Elmar Mei\u00df<br \/>\nHafnerstr. 33<br \/>\n78056 Villingen-Schwenningen<br \/>\n+49 (0) 171 1968100 (Auch f\u00fcr SMS \/ Whatsapp)<br \/>\nDeutschland<\/p>\n<hr \/>\n<p>Disclaimer:<\/p>\n<p>Alle Tipps auf den Seiten sind gr\u00fcndlich und nach bestem Wissen erstellt.<br \/>\nEs kann jedoch nicht ausgeschlossen werden, da\u00df sich im Laufe der Zeit<br \/>\ndas Eine oder Andere \u00e4ndert.<br \/>\nBitte gebt uns in diesem Fall einfach eine Nachricht &#8211; dann wird der Eintrag<br \/>\nsofort aktualisiert &#8211; Danke f\u00fcr Eure Mithilfe !!!<\/p>\n<hr \/>\n<div id=\"xr_xri\" class=\"xr_ap\">\n<div class=\"xr_s6\"><span class=\"xr_tl xr_s6\">Angaben gem\u00e4\u00df \u00a7 5 TMG:<\/span><br \/>\n<span class=\"xr_tl xr_s6\">Elmar Mei\u00df<\/span><br \/>\n<span class=\"xr_tl xr_s6\">Hafnerstr. 33<\/span><br \/>\n<span class=\"xr_tl xr_s6\">78056 Villingen-Schwenningen<\/span><\/div>\n<div class=\"xr_s6\"><span class=\"xr_tl xr_s6\">Kontakt:<\/span> <span class=\"xr_tl xr_s6\">Telefon:<\/span> <span class=\"xr_tl xr_s6\">+49 (0)7720 65531<\/span><br \/>\n<span class=\"xr_tl xr_s6\">E-Mail:<\/span> <span class=\"xr_tl xr_s6\">webmaster@meiss-online.com<\/span><span class=\"xr_tl xr_s6\">Quelle: Impressumgenerator von www.e-recht24.de.<\/span><span class=\"xr_tl xr_s6\">Haftungsausschluss:<\/span> <span class=\"xr_tl xr_s6\">Haftung f\u00fcr Inhalte<\/span> <span class=\"xr_tl xr_s6\">Die Inhalte unserer Seiten wurden mit gr\u00f6\u00dfter Sorgfalt erstellt. F\u00fcr die Richtigkeit, Vollst\u00e4ndigkeit und Aktualit\u00e4t der <\/span> <span class=\"xr_tl xr_s6\">Inhalte k\u00f6nnen wir jedoch keine Gew\u00e4hr \u00fcbernehmen. Als Diensteanbieter sind wir gem\u00e4\u00df \u00a7 7 Abs.1 TMG f\u00fcr eigene <\/span> <span class=\"xr_tl xr_s6\">Inhalte auf diesen Seiten nach den allgemeinen Gesetzen verantwortlich. Nach \u00a7\u00a7 8 bis 10 TMG sind wir als <\/span> <span class=\"xr_tl xr_s6\">Diensteanbieter jedoch nicht verpflichtet, \u00fcbermittelte oder gespeicherte fremde Informationen zu \u00fcberwachen oder <\/span> <span class=\"xr_tl xr_s6\">nach Umst\u00e4nden zu forschen, die auf eine rechtswidrige T\u00e4tigkeit hinweisen. Verpflichtungen zur Entfernung oder <\/span> <span class=\"xr_tl xr_s6\">Sperrung der Nutzung von Informationen nach den allgemeinen Gesetzen bleiben hiervon unber\u00fchrt. Eine <\/span> <span class=\"xr_tl xr_s6\">diesbez\u00fcgliche Haftung ist jedoch erst ab dem Zeitpunkt der Kenntnis einer konkreten Rechtsverletzung m\u00f6glich. Bei <\/span> <span class=\"xr_tl xr_s6\">Bekanntwerden von entsprechenden Rechtsverletzungen werden wir diese Inhalte umgehend entfernen.<\/span> <span class=\"xr_tl xr_s6\">Haftung f\u00fcr Links<\/span> <span class=\"xr_tl xr_s6\">Unser Angebot enth\u00e4lt Links zu externen Webseiten Dritter, auf deren Inhalte wir keinen Einfluss haben. Deshalb <\/span> <span class=\"xr_tl xr_s6\">k\u00f6nnen wir f\u00fcr diese fremden Inhalte auch keine Gew\u00e4hr \u00fcbernehmen. F\u00fcr die Inhalte der verlinkten Seiten ist stets der <\/span> <span class=\"xr_tl xr_s6\">jeweilige Anbieter oder Betreiber der Seiten verantwortlich. Die verlinkten Seiten wurden zum Zeitpunkt der Verlinkung <\/span> <span class=\"xr_tl xr_s6\">auf m\u00f6gliche Rechtsverst\u00f6\u00dfe \u00fcberpr\u00fcft. Rechtswidrige Inhalte waren zum Zeitpunkt der Verlinkung nicht erkennbar. <\/span> <span class=\"xr_tl xr_s6\">Eine permanente inhaltliche Kontrolle der verlinkten Seiten ist jedoch ohne konkrete Anhaltspunkte einer <\/span> <span class=\"xr_tl xr_s6\">Rechtsverletzung nicht zumutbar. Bei Bekanntwerden von Rechtsverletzungen werden wir derartige Links umgehend <\/span> <span class=\"xr_tl xr_s6\">entfernen.<\/span> <span class=\"xr_tl xr_s6\">Urheberrecht<\/span> <span class=\"xr_tl xr_s6\">Die durch die Seitenbetreiber erstellten Inhalte und Werke auf diesen Seiten unterliegen dem deutschen Urheberrecht. <\/span> <span class=\"xr_tl xr_s6\">Die Vervielf\u00e4ltigung, Bearbeitung, Verbreitung und jede Art der Verwertung au\u00dferhalb der Grenzen des Urheberrechtes <\/span> <span class=\"xr_tl xr_s6\">bed\u00fcrfen der schriftlichen Zustimmung des jeweiligen Autors bzw. Erstellers. Downloads und Kopien dieser Seite sind <\/span> <span class=\"xr_tl xr_s6\">nur f\u00fcr den privaten, nicht kommerziellen Gebrauch gestattet. Soweit die Inhalte auf dieser Seite nicht vom Betreiber <\/span> <span class=\"xr_tl xr_s6\">erstellt wurden, werden die Urheberrechte Dritter beachtet. Insbesondere werden Inhalte Dritter als solche <\/span> <span class=\"xr_tl xr_s6\">gekennzeichnet. Sollten Sie trotzdem auf eine Urheberrechtsverletzung aufmerksam werden, bitten wir um einen <\/span> <span class=\"xr_tl xr_s6\">entsprechenden Hinweis. Bei Bekanntwerden von Rechtsverletzungen werden wir derartige Inhalte umgehend <\/span> <span class=\"xr_tl xr_s6\">entfernen.<\/span> <span class=\"xr_tl xr_s6\">Datenschutz<\/span> <span class=\"xr_tl xr_s6\">Die Nutzung unserer Webseite ist in der Regel ohne Angabe personenbezogener Daten m\u00f6glich. Soweit auf unseren <\/span> <span class=\"xr_tl xr_s6\">Seiten personenbezogene Daten (beispielsweise Name, Anschrift oder eMail-Adressen) erhoben werden, erfolgt dies, <\/span> <span class=\"xr_tl xr_s6\">soweit m\u00f6glich, stets auf freiwilliger Basis. Diese Daten werden ohne Ihre ausdr\u00fcckliche Zustimmung nicht an Dritte <\/span> <span class=\"xr_tl xr_s6\">weitergegeben.<\/span> <span class=\"xr_tl xr_s6\">Wir weisen darauf hin, dass die Daten\u00fcbertragung im Internet (z.B. bei der Kommunikation per E-Mail) <\/span> <span class=\"xr_tl xr_s6\">Sicherheitsl\u00fccken aufweisen kann. Ein l\u00fcckenloser Schutz der Daten vor dem Zugriff durch Dritte ist nicht m\u00f6glich.<\/span> <span class=\"xr_tl xr_s6\">Der Nutzung von im Rahmen der Impressumspflicht ver\u00f6ffentlichten Kontaktdaten durch Dritte zur \u00dcbersendung von <\/span> <span class=\"xr_tl xr_s6\">nicht ausdr\u00fccklich angeforderter Werbung und Informationsmaterialien wird hiermit ausdr\u00fccklich widersprochen. Die <\/span> <span class=\"xr_tl xr_s6\">Betreiber der Seiten behalten sich ausdr\u00fccklich rechtliche Schritte im Falle der unverlangten Zusendung von <\/span> <span class=\"xr_tl xr_s6\">Werbeinformationen, etwa durch Spam-Mails, vor.<\/span> <span class=\"xr_tl xr_s6\">\u00a0<\/span><\/p>\n<\/div>\n<div class=\"xr_s6\"><\/div>\n<div class=\"xr_s6\"><span class=\"xr_tl xr_s6\">Datenschutzerkl\u00e4rung f\u00fcr die Nutzung von Facebook-Plugins (Like-Button)<\/span><\/div>\n<div class=\"xr_s6\"><span class=\"xr_tl xr_s6\">Auf unseren Seiten sind Plugins des sozialen Netzwerks Facebook, 1601 South California Avenue, Palo Alto, CA 94304, <\/span> <span class=\"xr_tl xr_s6\">USA integriert. Die Facebook-Plugins erkennen Sie an dem Facebook-Logo oder dem &#8222;Like-Button&#8220; (&#8222;Gef\u00e4llt mir&#8220;) auf <\/span> <span class=\"xr_tl xr_s6\">unserer Seite. Eine \u00dcbersicht \u00fcber die Facebook-Plugins finden Sie hier: <\/span> <span class=\"xr_tl xr_s6\">http:\/\/developers.facebook.com\/docs\/plugins\/.<\/span> <span class=\"xr_tl xr_s6\">Wenn Sie unsere Seiten besuchen, wird \u00fcber das Plugin eine direkte Verbindung zwischen Ihrem Browser und dem <\/span> <span class=\"xr_tl xr_s6\">Facebook-Server hergestellt. Facebook erh\u00e4lt dadurch die Information, dass Sie mit Ihrer IP-Adresse unsere Seite <\/span> <span class=\"xr_tl xr_s6\">besucht haben. Wenn Sie den Facebook &#8222;Like-Button&#8220; anklicken w\u00e4hrend Sie in Ihrem Facebook-Account eingeloggt <\/span> <span class=\"xr_tl xr_s6\">sind, k\u00f6nnen Sie die Inhalte unserer Seiten auf Ihrem Facebook-Profil verlinken. Dadurch kann Facebook den Besuch <\/span> <span class=\"xr_tl xr_s6\">unserer Seiten Ihrem Benutzerkonto zuordnen. Wir weisen darauf hin, dass wir als Anbieter der Seiten keine Kenntnis <\/span> <span class=\"xr_tl xr_s6\">vom Inhalt der \u00fcbermittelten Daten sowie deren Nutzung durch Facebook erhalten. Weitere Informationen hierzu finden <\/span> <span class=\"xr_tl xr_s6\">Sie in der Datenschutzerkl\u00e4rung von facebook unter http:\/\/de-de.facebook.com\/policy.php<\/span> <span class=\"xr_tl xr_s6\">Wenn Sie nicht w\u00fcnschen, dass Facebook den Besuch unserer Seiten Ihrem Facebook-Nutzerkonto zuordnen kann, <\/span> <span class=\"xr_tl xr_s6\">loggen Sie sich bitte aus Ihrem Facebook-Benutzerkonto aus.<\/span> <span class=\"xr_tl xr_s6\">\u00a0<\/span><\/div>\n<div class=\"xr_s6\"><\/div>\n<div class=\"xr_s6\"><span class=\"xr_tl xr_s6\">Datenschutzerkl\u00e4rung f\u00fcr die Nutzung von Google Analytics<\/span><br \/>\n<span class=\"xr_tl xr_s6\">Diese Website benutzt Google Analytics, einen Webanalysedienst der Google Inc. (&#8222;Google&#8220;). Google Analytics <\/span> <span class=\"xr_tl xr_s6\">verwendet sog. &#8222;Cookies&#8220;, Textdateien, die auf Ihrem Computer gespeichert werden und die eine Analyse der <\/span> <span class=\"xr_tl xr_s6\">Benutzung der Website durch Sie erm\u00f6glichen. Die durch den Cookie erzeugten Informationen \u00fcber Ihre Benutzung <\/span> <span class=\"xr_tl xr_s6\">dieser Website werden in der Regel an einen Server von Google in den USA \u00fcbertragen und dort gespeichert. Im Falle <\/span> <span class=\"xr_tl xr_s6\">der Aktivierung der IP-Anonymisierung auf dieser Webseite wird Ihre IP-Adresse von Google jedoch innerhalb von <\/span> <span class=\"xr_tl xr_s6\">Mitgliedstaaten der Europ\u00e4ischen Union oder in anderen Vertragsstaaten des Abkommens \u00fcber den Europ\u00e4ischen <\/span> <span class=\"xr_tl xr_s6\">Wirtschaftsraum zuvor gek\u00fcrzt.<\/span> <span class=\"xr_tl xr_s6\">Nur in Ausnahmef\u00e4llen wird die volle IP-Adresse an einen Server von Google in den USA \u00fcbertragen und dort gek\u00fcrzt. <\/span> <span class=\"xr_tl xr_s6\">Im Auftrag des Betreibers dieser Website wird Google diese Informationen benutzen, um Ihre Nutzung der Website <\/span> <span class=\"xr_tl xr_s6\">auszuwerten, um Reports \u00fcber die Websiteaktivit\u00e4ten zusammenzustellen und um weitere mit der Websitenutzung und <\/span> <span class=\"xr_tl xr_s6\">der Internetnutzung verbundene Dienstleistungen gegen\u00fcber dem Websitebetreiber zu erbringen. Die im Rahmen von <\/span> <span class=\"xr_tl xr_s6\">Google Analytics von Ihrem Browser \u00fcbermittelte IP-Adresse wird nicht mit anderen Daten von Google <\/span> <span class=\"xr_tl xr_s6\">zusammengef\u00fchrt.<\/span> <span class=\"xr_tl xr_s6\">Sie k\u00f6nnen die Speicherung der Cookies durch eine entsprechende Einstellung Ihrer Browser-Software verhindern; wir <\/span> <span class=\"xr_tl xr_s6\">weisen Sie jedoch darauf hin, dass Sie in diesem Fall gegebenenfalls nicht s\u00e4mtliche Funktionen dieser Website <\/span> <span class=\"xr_tl xr_s6\">vollumf\u00e4nglich werden nutzen k\u00f6nnen. Sie k\u00f6nnen dar\u00fcber hinaus die Erfassung der durch das Cookie erzeugten und <\/span> <span class=\"xr_tl xr_s6\">auf Ihre Nutzung der Website bezogenen Daten (inkl. Ihrer IP-Adresse) an Google sowie die Verarbeitung dieser Daten <\/span> <span class=\"xr_tl xr_s6\">durch Google verhindern, indem sie das unter dem folgenden Link verf\u00fcgbare Browser-Plugin herunterladen und <\/span> <span class=\"xr_tl xr_s6\">installieren: http:\/\/tools.google.com\/dlpage\/gaoptout?hl=de.<\/span> <span class=\"xr_tl xr_s6\">\u00a0<\/span><\/div>\n<div class=\"xr_s6\"><\/div>\n<div class=\"xr_s6\"><span class=\"xr_tl xr_s6\">Datenschutzerkl\u00e4rung f\u00fcr die Nutzung von Google Adsense<\/span><\/div>\n<div class=\"xr_s6\"><span class=\"xr_tl xr_s6\">Diese Website benutzt Google AdSense, einen Dienst zum Einbinden von Werbeanzeigen der Google Inc. (&#8222;Google&#8220;). <\/span> <span class=\"xr_tl xr_s6\">Google AdSense verwendet sog. &#8222;Cookies&#8220;, Textdateien, die auf Ihrem Computer gespeichert werden und die eine <\/span> <span class=\"xr_tl xr_s6\">Analyse der Benutzung der Website erm\u00f6glicht. Google AdSense verwendet auch so genannte Web Beacons <\/span> <span class=\"xr_tl xr_s6\">(unsichtbare Grafiken). Durch diese Web Beacons k\u00f6nnen Informationen wie der Besucherverkehr auf diesen Seiten <\/span> <span class=\"xr_tl xr_s6\">ausgewertet werden.<\/span> <span class=\"xr_tl xr_s6\">Die durch Cookies und Web Beacons erzeugten Informationen \u00fcber die Benutzung dieser Website (einschlie\u00dflich Ihrer <\/span> <span class=\"xr_tl xr_s6\">IP-Adresse) und Auslieferung von Werbeformaten werden an einen Server von Google in den USA \u00fcbertragen und dort <\/span> <span class=\"xr_tl xr_s6\">gespeichert. Diese Informationen k\u00f6nnen von Google an Vertragspartner von Google weiter gegeben werden. Google <\/span> <span class=\"xr_tl xr_s6\">wird Ihre IP-Adresse jedoch nicht mit anderen von Ihnen gespeicherten Daten zusammenf\u00fchren.<\/span> <span class=\"xr_tl xr_s6\">Sie k\u00f6nnen die Installation der Cookies durch eine entsprechende Einstellung Ihrer Browser Software verhindern; wir <\/span> <span class=\"xr_tl xr_s6\">weisen Sie jedoch darauf hin, dass Sie in diesem Fall gegebenenfalls nicht s\u00e4mtliche Funktionen dieser Website voll <\/span> <span class=\"xr_tl xr_s6\">umf\u00e4nglich nutzen k\u00f6nnen. Durch die Nutzung dieser Website erkl\u00e4ren Sie sich mit der Bearbeitung der \u00fcber Sie <\/span> <span class=\"xr_tl xr_s6\">erhobenen Daten durch Google in der zuvor beschriebenen Art und Weise und zu dem zuvor benannten Zweck <\/span> <span class=\"xr_tl xr_s6\">einverstanden.<\/span> <span class=\"xr_tl xr_s6\">\u00a0<\/span> <span class=\"xr_tl xr_s6\">Datenschutzerkl\u00e4rung f\u00fcr die Nutzung von Google +1<\/span> <span class=\"xr_tl xr_s6\">Erfassung und Weitergabe von Informationen:<\/span> <span class=\"xr_tl xr_s6\">Mithilfe der Google +1-Schaltfl\u00e4che k\u00f6nnen Sie Informationen weltweit ver\u00f6ffentlichen. \u00fcber die Google +1-Schaltfl\u00e4che <\/span> <span class=\"xr_tl xr_s6\">erhalten Sie und andere Nutzer personalisierte Inhalte von Google und unseren Partnern. Google speichert sowohl die <\/span> <span class=\"xr_tl xr_s6\">Information, dass Sie f\u00fcr einen Inhalt +1 gegeben haben, als auch Informationen \u00fcber die Seite, die Sie beim Klicken <\/span> <span class=\"xr_tl xr_s6\">auf +1 angesehen haben. Ihre +1 k\u00f6nnen als Hinweise zusammen mit Ihrem Profilnamen und Ihrem Foto in Google-<\/span> <span class=\"xr_tl xr_s6\">Diensten, wie etwa in Suchergebnissen oder in Ihrem Google-Profil, oder an anderen Stellen auf Websites und <\/span> <span class=\"xr_tl xr_s6\">Anzeigen im Internet eingeblendet werden.<\/span> <span class=\"xr_tl xr_s6\">Google zeichnet Informationen \u00fcber Ihre +1-Aktivit\u00e4ten auf, um die Google-Dienste f\u00fcr Sie und andere zu verbessern. <\/span> <span class=\"xr_tl xr_s6\">Um die Google +1-Schaltfl\u00e4che verwenden zu k\u00f6nnen, ben\u00f6tigen Sie ein weltweit sichtbares, \u00f6ffentliches Google-Profil, <\/span> <span class=\"xr_tl xr_s6\">das zumindest den f\u00fcr das Profil gew\u00e4hlten Namen enthalten muss. Dieser Name wird in allen Google-Diensten <\/span> <span class=\"xr_tl xr_s6\">verwendet. In manchen F\u00e4llen kann dieser Name auch einen anderen Namen ersetzen, den Sie beim Teilen von Inhalten <\/span> <span class=\"xr_tl xr_s6\">\u00fcber Ihr Google-Konto verwendet haben. Die Identit\u00e4t Ihres Google-Profils kann Nutzern angezeigt werden, die Ihre E-<\/span> <span class=\"xr_tl xr_s6\">Mail-Adresse kennen oder \u00fcber andere identifizierende Informationen von Ihnen verf\u00fcgen.<\/span> <span class=\"xr_tl xr_s6\">Verwendung der erfassten Informationen:<\/span> <span class=\"xr_tl xr_s6\">Neben den oben erl\u00e4uterten Verwendungszwecken werden die von Ihnen bereitgestellten Informationen gem\u00e4\u00df den <\/span> <span class=\"xr_tl xr_s6\">geltenden Google-Datenschutzbestimmungen genutzt. Google ver\u00f6ffentlicht m\u00f6glicherweise zusammengefasste <\/span> <span class=\"xr_tl xr_s6\">Statistiken \u00fcber die +1-Aktivit\u00e4ten der Nutzer bzw. gibt diese an Nutzer und Partner weiter, wie etwa Publisher, <\/span> <span class=\"xr_tl xr_s6\">Inserenten oder verbundene Websites.<\/span> <span class=\"xr_tl xr_s6\">\u00a0<\/span><\/div>\n<div class=\"xr_s6\"><\/div>\n<div class=\"xr_s6\"><span class=\"xr_tl xr_s6\">Datenschutzerkl\u00e4rung f\u00fcr die Nutzung von Twitter<\/span><\/div>\n<div class=\"xr_s6\"><span class=\"xr_tl xr_s6\">Auf unseren Seiten sind Funktionen des Dienstes Twitter eingebunden. Diese Funktionen werden angeboten durch die <\/span> <span class=\"xr_tl xr_s6\">Twitter Inc., Twitter, Inc. 1355 Market St, Suite 900, San Francisco, CA 94103, USA. Durch das Benutzen von Twitter und <\/span> <span class=\"xr_tl xr_s6\">der Funktion &#8222;Re-Tweet&#8220; werden die von Ihnen besuchten Webseiten mit Ihrem Twitter-Account verkn\u00fcpft und anderen <\/span> <span class=\"xr_tl xr_s6\">Nutzern bekannt gegeben. Dabei werden auch Daten an Twitter \u00fcbertragen.<\/span> <span class=\"xr_tl xr_s6\">Wir weisen darauf hin, dass wir als Anbieter der Seiten keine Kenntnis vom Inhalt der \u00fcbermittelten Daten sowie deren <\/span> <span class=\"xr_tl xr_s6\">Nutzung durch Twitter erhalten. Weitere Informationen hierzu finden Sie in der Datenschutzerkl\u00e4rung von Twitter unter <\/span> <span class=\"xr_tl xr_s6\">http:\/\/twitter.com\/privacy.<\/span> <span class=\"xr_tl xr_s6\">Ihre Datenschutzeinstellungen bei Twitter k\u00f6nnen Sie in den Konto-Einstellungen unter <\/span> <span class=\"xr_tl xr_s6\">http:\/\/twitter.com\/account\/settings \u00e4ndern.<\/span> <span class=\"xr_tl xr_s6\">\u00a0<\/span><\/div>\n<div class=\"xr_s6\"><\/div>\n<div class=\"xr_s6\"><span class=\"xr_tl xr_s6\">Quellverweis: eRecht24 Disclaimer, Facebook Disclaimer, Datenschutzerkl\u00e4rung f\u00fcr Google Analytics, <\/span> <span class=\"xr_tl xr_s6\">Datenschutzerkl\u00e4rung f\u00fcr Google Adsense, Google +1 Datenschutzerkl\u00e4rung, Datenschutzerkl\u00e4rung Twitter<\/span><\/div>\n<\/div>\n","protected":false},"excerpt":{"rendered":"<p>wir, Ursula &amp; Elmar leben und arbeiten in dieser Region. Dar\u00fcberhinaus haben wir Ferienh\u00e4user in einem Feriendorf in \u00d6fingen, einem Ortsteil der Kurstadt Bad D\u00fcrrheim. Um unseren G\u00e4sten und allen anderen Interessierten die Region, Land &amp; Leute n\u00e4her zu bringen, ist dieser Blog entstanden. Ihr erreicht uns unter: blog@meiss-online.com oder per snail mail Ursula &amp; Elmar Mei\u00df Hafnerstr. 33 78056 [&#8230;]<\/p>\n","protected":false},"author":1,"featured_media":0,"parent":0,"menu_order":0,"comment_status":"open","ping_status":"open","template":"","meta":{"footnotes":""},"class_list":["post-19","page","type-page","status-publish","hentry"],"_links":{"self":[{"href":"https:\/\/www.meiss-online.com\/index.php\/wp-json\/wp\/v2\/pages\/19","targetHints":{"allow":["GET"]}}],"collection":[{"href":"https:\/\/www.meiss-online.com\/index.php\/wp-json\/wp\/v2\/pages"}],"about":[{"href":"https:\/\/www.meiss-online.com\/index.php\/wp-json\/wp\/v2\/types\/page"}],"author":[{"embeddable":true,"href":"https:\/\/www.meiss-online.com\/index.php\/wp-json\/wp\/v2\/users\/1"}],"replies":[{"embeddable":true,"href":"https:\/\/www.meiss-online.com\/index.php\/wp-json\/wp\/v2\/comments?post=19"}],"version-history":[{"count":6,"href":"https:\/\/www.meiss-online.com\/index.php\/wp-json\/wp\/v2\/pages\/19\/revisions"}],"predecessor-version":[{"id":788,"href":"https:\/\/www.meiss-online.com\/index.php\/wp-json\/wp\/v2\/pages\/19\/revisions\/788"}],"wp:attachment":[{"href":"https:\/\/www.meiss-online.com\/index.php\/wp-json\/wp\/v2\/media?parent=19"}],"curies":[{"name":"wp","href":"https:\/\/api.w.org\/{rel}","templated":true}]}}